{"id":59,"date":"2025-10-06T08:49:22","date_gmt":"2025-10-06T08:49:22","guid":{"rendered":"https:\/\/zen-shiatsu-bordeaux.com\/?page_id=59"},"modified":"2025-10-06T09:04:33","modified_gmt":"2025-10-06T09:04:33","slug":"entreprises","status":"publish","type":"page","link":"https:\/\/zen-shiatsu-bordeaux.com\/index.php\/entreprises\/","title":{"rendered":"Entreprises"},"content":{"rendered":"<h1>Accompagnement en entreprise<\/h1>\n<p>Disponibilit\u00e9, coh\u00e9sion, gestion des d\u00e9lais, pression, insatisfaction\u2026 Comment maintenir le cap ?<\/p>\n<p>Fort d\u2019une exp\u00e9rience de 40 ans dans un secteur tr\u00e8s concurrentiel, Pierre E. Ruelle propose des <strong>s\u00e9ances individuelles de shiatsu de 20 minutes<\/strong> pour lib\u00e9rer les tensions et am\u00e9liorer le bien-\u00eatre.<\/p>\n<h2>B\u00e9n\u00e9fices<\/h2>\n<ul>\n<li>Apaisement du stress<\/li>\n<li>Coh\u00e9sion d\u2019\u00e9quipe<\/li>\n<li>Ambiance et performance am\u00e9lior\u00e9es<\/li>\n<\/ul>\n<p>Pour aller plus loin : \u00e9change sur vos attentes, <strong>plan d\u2019action<\/strong> et <strong>test pr\u00e9liminaire<\/strong>.<\/p>\n","protected":false},"excerpt":{"rendered":"<p>Accompagnement en entreprise Disponibilit\u00e9, coh\u00e9sion, gestion des d\u00e9lais, pression, insatisfaction\u2026 Comment maintenir le cap ? Fort d\u2019une exp\u00e9rience de 40 ans dans un secteur tr\u00e8s concurrentiel, Pierre E. Ruelle propose des s\u00e9ances individuelles de shiatsu de 20 minutes pour lib\u00e9rer les tensions et am\u00e9liorer le bien-\u00eatre. B\u00e9n\u00e9fices Apaisement du stress [&hellip;]<\/p>\n","protected":false},"author":1,"featured_media":0,"parent":0,"menu_order":0,"comment_status":"closed","ping_status":"closed","template":"","meta":{"footnotes":""},"class_list":["post-59","page","type-page","status-publish","hentry"],"yoast_head":"<!-- This site is optimized with the Yoast SEO plugin v26.6 - https:\/\/yoast.com\/wordpress\/plugins\/seo\/ -->\n<title>Entreprises - Zen Shiatsu<\/title>\n<meta name=\"robots\" content=\"index, follow, max-snippet:-1, max-image-preview:large, max-video-preview:-1\" \/>\n<link rel=\"canonical\" href=\"http:\/\/zen-shiatsu-bordeaux.com\/index.php\/entreprises\/\" \/>\n<meta property=\"og:locale\" content=\"fr_FR\" \/>\n<meta property=\"og:type\" content=\"article\" \/>\n<meta property=\"og:title\" content=\"Entreprises - Zen Shiatsu\" \/>\n<meta property=\"og:description\" content=\"Accompagnement en entreprise Disponibilit\u00e9, coh\u00e9sion, gestion des d\u00e9lais, pression, insatisfaction\u2026 Comment maintenir le cap ? Fort d\u2019une exp\u00e9rience de 40 ans dans un secteur tr\u00e8s concurrentiel, Pierre E. Ruelle propose des s\u00e9ances individuelles de shiatsu de 20 minutes pour lib\u00e9rer les tensions et am\u00e9liorer le bien-\u00eatre. B\u00e9n\u00e9fices Apaisement du stress [&hellip;]\" \/>\n<meta property=\"og:url\" content=\"http:\/\/zen-shiatsu-bordeaux.com\/index.php\/entreprises\/\" \/>\n<meta property=\"og:site_name\" content=\"Zen Shiatsu\" \/>\n<meta property=\"article:modified_time\" content=\"2025-10-06T09:04:33+00:00\" \/>\n<meta name=\"twitter:card\" content=\"summary_large_image\" \/>\n<script type=\"application\/ld+json\" class=\"yoast-schema-graph\">{\"@context\":\"https:\/\/schema.org\",\"@graph\":[{\"@type\":\"WebPage\",\"@id\":\"http:\/\/zen-shiatsu-bordeaux.com\/index.php\/entreprises\/\",\"url\":\"http:\/\/zen-shiatsu-bordeaux.com\/index.php\/entreprises\/\",\"name\":\"Entreprises - Zen Shiatsu\",\"isPartOf\":{\"@id\":\"http:\/\/zen-shiatsu-bordeaux.com\/#website\"},\"datePublished\":\"2025-10-06T08:49:22+00:00\",\"dateModified\":\"2025-10-06T09:04:33+00:00\",\"breadcrumb\":{\"@id\":\"http:\/\/zen-shiatsu-bordeaux.com\/index.php\/entreprises\/#breadcrumb\"},\"inLanguage\":\"fr-FR\",\"potentialAction\":[{\"@type\":\"ReadAction\",\"target\":[\"http:\/\/zen-shiatsu-bordeaux.com\/index.php\/entreprises\/\"]}]},{\"@type\":\"BreadcrumbList\",\"@id\":\"http:\/\/zen-shiatsu-bordeaux.com\/index.php\/entreprises\/#breadcrumb\",\"itemListElement\":[{\"@type\":\"ListItem\",\"position\":1,\"name\":\"Accueil\",\"item\":\"http:\/\/zen-shiatsu-bordeaux.com\/\"},{\"@type\":\"ListItem\",\"position\":2,\"name\":\"Entreprises\"}]},{\"@type\":\"WebSite\",\"@id\":\"http:\/\/zen-shiatsu-bordeaux.com\/#website\",\"url\":\"http:\/\/zen-shiatsu-bordeaux.com\/\",\"name\":\"Zen Shiatsu\",\"description\":\"Pierre E. RUELLE\",\"publisher\":{\"@id\":\"http:\/\/zen-shiatsu-bordeaux.com\/#\/schema\/person\/330fe87b15c665ee25f03b4b15b939f0\"},\"potentialAction\":[{\"@type\":\"SearchAction\",\"target\":{\"@type\":\"EntryPoint\",\"urlTemplate\":\"http:\/\/zen-shiatsu-bordeaux.com\/?s={search_term_string}\"},\"query-input\":{\"@type\":\"PropertyValueSpecification\",\"valueRequired\":true,\"valueName\":\"search_term_string\"}}],\"inLanguage\":\"fr-FR\"},{\"@type\":[\"Person\",\"Organization\"],\"@id\":\"http:\/\/zen-shiatsu-bordeaux.com\/#\/schema\/person\/330fe87b15c665ee25f03b4b15b939f0\",\"name\":\"Pierre RUELLE\",\"image\":{\"@type\":\"ImageObject\",\"inLanguage\":\"fr-FR\",\"@id\":\"http:\/\/zen-shiatsu-bordeaux.com\/#\/schema\/person\/image\/\",\"url\":\"https:\/\/zen-shiatsu-bordeaux.com\/wp-content\/uploads\/2025\/10\/LOGOZENSHIATSU.png\",\"contentUrl\":\"https:\/\/zen-shiatsu-bordeaux.com\/wp-content\/uploads\/2025\/10\/LOGOZENSHIATSU.png\",\"width\":217,\"height\":217,\"caption\":\"Pierre RUELLE\"},\"logo\":{\"@id\":\"http:\/\/zen-shiatsu-bordeaux.com\/#\/schema\/person\/image\/\"},\"sameAs\":[\"http:\/\/zen-shiatsu-bordeaux.com\"]}]}<\/script>\n<!-- \/ Yoast SEO plugin. -->","yoast_head_json":{"title":"Entreprises - Zen Shiatsu","robots":{"index":"index","follow":"follow","max-snippet":"max-snippet:-1","max-image-preview":"max-image-preview:large","max-video-preview":"max-video-preview:-1"},"canonical":"http:\/\/zen-shiatsu-bordeaux.com\/index.php\/entreprises\/","og_locale":"fr_FR","og_type":"article","og_title":"Entreprises - Zen Shiatsu","og_description":"Accompagnement en entreprise Disponibilit\u00e9, coh\u00e9sion, gestion des d\u00e9lais, pression, insatisfaction\u2026 Comment maintenir le cap ? Fort d\u2019une exp\u00e9rience de 40 ans dans un secteur tr\u00e8s concurrentiel, Pierre E. Ruelle propose des s\u00e9ances individuelles de shiatsu de 20 minutes pour lib\u00e9rer les tensions et am\u00e9liorer le bien-\u00eatre. B\u00e9n\u00e9fices Apaisement du stress [&hellip;]","og_url":"http:\/\/zen-shiatsu-bordeaux.com\/index.php\/entreprises\/","og_site_name":"Zen Shiatsu","article_modified_time":"2025-10-06T09:04:33+00:00","twitter_card":"summary_large_image","schema":{"@context":"https:\/\/schema.org","@graph":[{"@type":"WebPage","@id":"http:\/\/zen-shiatsu-bordeaux.com\/index.php\/entreprises\/","url":"http:\/\/zen-shiatsu-bordeaux.com\/index.php\/entreprises\/","name":"Entreprises - Zen Shiatsu","isPartOf":{"@id":"http:\/\/zen-shiatsu-bordeaux.com\/#website"},"datePublished":"2025-10-06T08:49:22+00:00","dateModified":"2025-10-06T09:04:33+00:00","breadcrumb":{"@id":"http:\/\/zen-shiatsu-bordeaux.com\/index.php\/entreprises\/#breadcrumb"},"inLanguage":"fr-FR","potentialAction":[{"@type":"ReadAction","target":["http:\/\/zen-shiatsu-bordeaux.com\/index.php\/entreprises\/"]}]},{"@type":"BreadcrumbList","@id":"http:\/\/zen-shiatsu-bordeaux.com\/index.php\/entreprises\/#breadcrumb","itemListElement":[{"@type":"ListItem","position":1,"name":"Accueil","item":"http:\/\/zen-shiatsu-bordeaux.com\/"},{"@type":"ListItem","position":2,"name":"Entreprises"}]},{"@type":"WebSite","@id":"http:\/\/zen-shiatsu-bordeaux.com\/#website","url":"http:\/\/zen-shiatsu-bordeaux.com\/","name":"Zen Shiatsu","description":"Pierre E. RUELLE","publisher":{"@id":"http:\/\/zen-shiatsu-bordeaux.com\/#\/schema\/person\/330fe87b15c665ee25f03b4b15b939f0"},"potentialAction":[{"@type":"SearchAction","target":{"@type":"EntryPoint","urlTemplate":"http:\/\/zen-shiatsu-bordeaux.com\/?s={search_term_string}"},"query-input":{"@type":"PropertyValueSpecification","valueRequired":true,"valueName":"search_term_string"}}],"inLanguage":"fr-FR"},{"@type":["Person","Organization"],"@id":"http:\/\/zen-shiatsu-bordeaux.com\/#\/schema\/person\/330fe87b15c665ee25f03b4b15b939f0","name":"Pierre RUELLE","image":{"@type":"ImageObject","inLanguage":"fr-FR","@id":"http:\/\/zen-shiatsu-bordeaux.com\/#\/schema\/person\/image\/","url":"https:\/\/zen-shiatsu-bordeaux.com\/wp-content\/uploads\/2025\/10\/LOGOZENSHIATSU.png","contentUrl":"https:\/\/zen-shiatsu-bordeaux.com\/wp-content\/uploads\/2025\/10\/LOGOZENSHIATSU.png","width":217,"height":217,"caption":"Pierre RUELLE"},"logo":{"@id":"http:\/\/zen-shiatsu-bordeaux.com\/#\/schema\/person\/image\/"},"sameAs":["http:\/\/zen-shiatsu-bordeaux.com"]}]}},"_links":{"self":[{"href":"https:\/\/zen-shiatsu-bordeaux.com\/index.php\/wp-json\/wp\/v2\/pages\/59","targetHints":{"allow":["GET"]}}],"collection":[{"href":"https:\/\/zen-shiatsu-bordeaux.com\/index.php\/wp-json\/wp\/v2\/pages"}],"about":[{"href":"https:\/\/zen-shiatsu-bordeaux.com\/index.php\/wp-json\/wp\/v2\/types\/page"}],"author":[{"embeddable":true,"href":"https:\/\/zen-shiatsu-bordeaux.com\/index.php\/wp-json\/wp\/v2\/users\/1"}],"replies":[{"embeddable":true,"href":"https:\/\/zen-shiatsu-bordeaux.com\/index.php\/wp-json\/wp\/v2\/comments?post=59"}],"version-history":[{"count":3,"href":"https:\/\/zen-shiatsu-bordeaux.com\/index.php\/wp-json\/wp\/v2\/pages\/59\/revisions"}],"predecessor-version":[{"id":88,"href":"https:\/\/zen-shiatsu-bordeaux.com\/index.php\/wp-json\/wp\/v2\/pages\/59\/revisions\/88"}],"wp:attachment":[{"href":"https:\/\/zen-shiatsu-bordeaux.com\/index.php\/wp-json\/wp\/v2\/media?parent=59"}],"curies":[{"name":"wp","href":"https:\/\/api.w.org\/{rel}","templated":true}]}}