{"id":57,"date":"2025-10-06T08:49:22","date_gmt":"2025-10-06T08:49:22","guid":{"rendered":"https:\/\/zen-shiatsu-bordeaux.com\/?page_id=57"},"modified":"2026-01-14T13:05:39","modified_gmt":"2026-01-14T13:05:39","slug":"le-praticien","status":"publish","type":"page","link":"https:\/\/zen-shiatsu-bordeaux.com\/index.php\/le-praticien\/","title":{"rendered":"Le praticien"},"content":{"rendered":"<blockquote><p>\u00ab N\u2019ayez pas d\u2019intention, soyez le fruit de votre volont\u00e9. \u00bb<\/p>\n<p>\u2014 P. Franceschi, <em>\u00c9thique du samoura\u00ef moderne<\/em>, propos 131<\/p><\/blockquote>\n<h1>Le praticien<\/h1>\n<h2>Pierre E. Ruelle \u2014 Praticien certifi\u00e9<\/h2>\n<p><strong>RC PRO :<\/strong> Medinat \u2022 <strong>Exerce :<\/strong> Latresne (33360) &amp; Le Haillan (33400)<\/p>\n<p><strong>SIRET :<\/strong> 52831712600027<br \/>\n<strong>Code NAF :<\/strong> 8690F<\/p>\n<p><strong>Assurance RC PRO :<\/strong> Medinat \u2014 Contrat n\u00b0 HXFRME000011916<br \/>\n<strong>Contrat M\u00e9diateur CNPM :<\/strong> CNPM56070<\/p>\n<p>\u00ab Conform\u00e9ment aux articles L.616-1 et R.616-1 du Code de la consommation, nous proposons un dispositif de m\u00e9diation de la consommation.<br \/>\nL\u2019entit\u00e9 de m\u00e9diation retenue est : <strong>CNPM \u2013 MEDIATION DE LA CONSOMMATION<\/strong>.<br \/>\nEn cas de litige, vous pouvez d\u00e9poser votre r\u00e9clamation sur son site :<br \/>\n<a href=\"https:\/\/cnpm-mediation-consommation.eu\" target=\"_blank\" rel=\"noopener\">https:\/\/cnpm-mediation-consommation.eu<\/a><br \/>\nou par voie postale en \u00e9crivant \u00e0 : CNPM \u2013 MEDIATION \u2013 CONSOMMATION \u2013 Centre d\u2019Affaires St\u00e9phanois,<br \/>\nImmeuble l\u2019Horizon \u2013 Esplanade de France \u2013 3 rue J. Constant Milleret \u2013 42000 SAINT-ETIENNE. \u00bb<\/p>\n<h2>Parcours<\/h2>\n<p>Quarante ann\u00e9es d\u2019exp\u00e9rience dans le transport international (maritime).<br \/>\nCette trajectoire lui conf\u00e8re une connaissance fine du monde de l\u2019entreprise : gestion d\u2019\u00e9quipe, contraintes financi\u00e8res,<br \/>\nconcurrence quotidienne.<\/p>\n<h2>Formation<\/h2>\n<ul>\n<li>Formation certifiante de 500 heures en pr\u00e9sentiel + module d\u2019anatomie-physiologie<\/li>\n<li>150 s\u00e9ances r\u00e9alis\u00e9es hors cours avant examen<\/li>\n<li>Certification selon la m\u00e9thode du Ma\u00eetre Shizuto Masunaga<\/li>\n<\/ul>\n<h2>F\u00e9d\u00e9rations &amp; \u00e9thique<\/h2>\n<p>Adh\u00e9rent UFPST et FFST (formation continue, informations, \u00e9changes professionnels).<br \/>\nEngagement \u00e0 respecter une charte \u00e9thique, dont la stricte confidentialit\u00e9 des \u00e9changes avec la personne accompagn\u00e9e.<\/p>\n<h2>Pratique<\/h2>\n<ul>\n<li>Sur table de massage (ou chaise ergonomique)<\/li>\n<li>D\u00e9placements possibles<\/li>\n<\/ul>\n<p><a href=\"http:\/\/zen-shiatsu-bordeaux.com\/wp-content\/uploads\/2026\/01\/ATTESTATION-UFPST-2025-26-3.pdf\" target=\"_blank\" rel=\"noopener\">&gt;&gt;&gt; ATTESTATION UFPST 2025-26<\/a> <a href=\"http:\/\/zen-shiatsu-bordeaux.com\/wp-content\/uploads\/2026\/01\/CODE-DEONTOLOGIE-UFPST.pdf\"><\/a><\/p>\n<p><a href=\"http:\/\/zen-shiatsu-bordeaux.com\/wp-content\/uploads\/2026\/01\/CODE-DEONTOLOGIE-UFPST.pdf\" target=\"_blank\" rel=\"noopener\">&gt;&gt;&gt; CODE DEONTOLOGIE UFPST<\/a><\/p>\n<p><img loading=\"lazy\" decoding=\"async\" src=\"http:\/\/zen-shiatsu-bordeaux.com\/wp-content\/uploads\/2026\/01\/Capture-decran-2026-01-14-a-14.03.18.png\" alt=\"\" width=\"1022\" height=\"1420\" class=\"aligncenter wp-image-163 size-full\" srcset=\"https:\/\/zen-shiatsu-bordeaux.com\/wp-content\/uploads\/2026\/01\/Capture-decran-2026-01-14-a-14.03.18.png 1022w, https:\/\/zen-shiatsu-bordeaux.com\/wp-content\/uploads\/2026\/01\/Capture-decran-2026-01-14-a-14.03.18-216x300.png 216w, https:\/\/zen-shiatsu-bordeaux.com\/wp-content\/uploads\/2026\/01\/Capture-decran-2026-01-14-a-14.03.18-737x1024.png 737w, https:\/\/zen-shiatsu-bordeaux.com\/wp-content\/uploads\/2026\/01\/Capture-decran-2026-01-14-a-14.03.18-768x1067.png 768w\" sizes=\"auto, (max-width: 1022px) 100vw, 1022px\" \/> <img loading=\"lazy\" decoding=\"async\" src=\"http:\/\/zen-shiatsu-bordeaux.com\/wp-content\/uploads\/2026\/01\/Capture-decran-2026-01-14-a-14.02.58.png\" alt=\"\" width=\"1458\" height=\"1038\" class=\"aligncenter wp-image-164 size-full\" srcset=\"https:\/\/zen-shiatsu-bordeaux.com\/wp-content\/uploads\/2026\/01\/Capture-decran-2026-01-14-a-14.02.58.png 1458w, https:\/\/zen-shiatsu-bordeaux.com\/wp-content\/uploads\/2026\/01\/Capture-decran-2026-01-14-a-14.02.58-300x214.png 300w, https:\/\/zen-shiatsu-bordeaux.com\/wp-content\/uploads\/2026\/01\/Capture-decran-2026-01-14-a-14.02.58-1024x729.png 1024w, https:\/\/zen-shiatsu-bordeaux.com\/wp-content\/uploads\/2026\/01\/Capture-decran-2026-01-14-a-14.02.58-768x547.png 768w\" sizes=\"auto, (max-width: 1458px) 100vw, 1458px\" \/><\/p>\n","protected":false},"excerpt":{"rendered":"<p>\u00ab N\u2019ayez pas d\u2019intention, soyez le fruit de votre volont\u00e9. \u00bb \u2014 P. Franceschi, \u00c9thique du samoura\u00ef moderne, propos 131 Le praticien Pierre E. Ruelle \u2014 Praticien certifi\u00e9 RC PRO : Medinat \u2022 Exerce : Latresne (33360) &amp; Le Haillan (33400) SIRET : 52831712600027 Code NAF : 8690F Assurance RC [&hellip;]<\/p>\n","protected":false},"author":1,"featured_media":0,"parent":0,"menu_order":0,"comment_status":"closed","ping_status":"closed","template":"","meta":{"footnotes":""},"class_list":["post-57","page","type-page","status-publish","hentry"],"yoast_head":"<!-- This site is optimized with the Yoast SEO plugin v26.6 - https:\/\/yoast.com\/wordpress\/plugins\/seo\/ -->\n<title>Le praticien - Zen Shiatsu<\/title>\n<meta name=\"robots\" content=\"index, follow, max-snippet:-1, max-image-preview:large, max-video-preview:-1\" \/>\n<link rel=\"canonical\" href=\"http:\/\/zen-shiatsu-bordeaux.com\/index.php\/le-praticien\/\" \/>\n<meta property=\"og:locale\" content=\"fr_FR\" \/>\n<meta property=\"og:type\" content=\"article\" \/>\n<meta property=\"og:title\" content=\"Le praticien - Zen Shiatsu\" \/>\n<meta property=\"og:description\" content=\"\u00ab N\u2019ayez pas d\u2019intention, soyez le fruit de votre volont\u00e9. \u00bb \u2014 P. Franceschi, \u00c9thique du samoura\u00ef moderne, propos 131 Le praticien Pierre E. Ruelle \u2014 Praticien certifi\u00e9 RC PRO : Medinat \u2022 Exerce : Latresne (33360) &amp; Le Haillan (33400) SIRET : 52831712600027 Code NAF : 8690F Assurance RC [&hellip;]\" \/>\n<meta property=\"og:url\" content=\"http:\/\/zen-shiatsu-bordeaux.com\/index.php\/le-praticien\/\" \/>\n<meta property=\"og:site_name\" content=\"Zen Shiatsu\" \/>\n<meta property=\"article:modified_time\" content=\"2026-01-14T13:05:39+00:00\" \/>\n<meta property=\"og:image\" content=\"http:\/\/zen-shiatsu-bordeaux.com\/wp-content\/uploads\/2026\/01\/Capture-decran-2026-01-14-a-14.03.18.png\" \/>\n<meta name=\"twitter:card\" content=\"summary_large_image\" \/>\n<meta name=\"twitter:label1\" content=\"Dur\u00e9e de lecture estim\u00e9e\" \/>\n\t<meta name=\"twitter:data1\" content=\"2 minutes\" \/>\n<script type=\"application\/ld+json\" class=\"yoast-schema-graph\">{\"@context\":\"https:\/\/schema.org\",\"@graph\":[{\"@type\":\"WebPage\",\"@id\":\"http:\/\/zen-shiatsu-bordeaux.com\/index.php\/le-praticien\/\",\"url\":\"http:\/\/zen-shiatsu-bordeaux.com\/index.php\/le-praticien\/\",\"name\":\"Le praticien - Zen Shiatsu\",\"isPartOf\":{\"@id\":\"http:\/\/zen-shiatsu-bordeaux.com\/#website\"},\"primaryImageOfPage\":{\"@id\":\"http:\/\/zen-shiatsu-bordeaux.com\/index.php\/le-praticien\/#primaryimage\"},\"image\":{\"@id\":\"http:\/\/zen-shiatsu-bordeaux.com\/index.php\/le-praticien\/#primaryimage\"},\"thumbnailUrl\":\"http:\/\/zen-shiatsu-bordeaux.com\/wp-content\/uploads\/2026\/01\/Capture-decran-2026-01-14-a-14.03.18.png\",\"datePublished\":\"2025-10-06T08:49:22+00:00\",\"dateModified\":\"2026-01-14T13:05:39+00:00\",\"breadcrumb\":{\"@id\":\"http:\/\/zen-shiatsu-bordeaux.com\/index.php\/le-praticien\/#breadcrumb\"},\"inLanguage\":\"fr-FR\",\"potentialAction\":[{\"@type\":\"ReadAction\",\"target\":[\"http:\/\/zen-shiatsu-bordeaux.com\/index.php\/le-praticien\/\"]}]},{\"@type\":\"ImageObject\",\"inLanguage\":\"fr-FR\",\"@id\":\"http:\/\/zen-shiatsu-bordeaux.com\/index.php\/le-praticien\/#primaryimage\",\"url\":\"https:\/\/zen-shiatsu-bordeaux.com\/wp-content\/uploads\/2026\/01\/Capture-decran-2026-01-14-a-14.03.18.png\",\"contentUrl\":\"https:\/\/zen-shiatsu-bordeaux.com\/wp-content\/uploads\/2026\/01\/Capture-decran-2026-01-14-a-14.03.18.png\",\"width\":1022,\"height\":1420},{\"@type\":\"BreadcrumbList\",\"@id\":\"http:\/\/zen-shiatsu-bordeaux.com\/index.php\/le-praticien\/#breadcrumb\",\"itemListElement\":[{\"@type\":\"ListItem\",\"position\":1,\"name\":\"Accueil\",\"item\":\"http:\/\/zen-shiatsu-bordeaux.com\/\"},{\"@type\":\"ListItem\",\"position\":2,\"name\":\"Le praticien\"}]},{\"@type\":\"WebSite\",\"@id\":\"http:\/\/zen-shiatsu-bordeaux.com\/#website\",\"url\":\"http:\/\/zen-shiatsu-bordeaux.com\/\",\"name\":\"Zen Shiatsu\",\"description\":\"Pierre E. RUELLE\",\"publisher\":{\"@id\":\"http:\/\/zen-shiatsu-bordeaux.com\/#\/schema\/person\/330fe87b15c665ee25f03b4b15b939f0\"},\"potentialAction\":[{\"@type\":\"SearchAction\",\"target\":{\"@type\":\"EntryPoint\",\"urlTemplate\":\"http:\/\/zen-shiatsu-bordeaux.com\/?s={search_term_string}\"},\"query-input\":{\"@type\":\"PropertyValueSpecification\",\"valueRequired\":true,\"valueName\":\"search_term_string\"}}],\"inLanguage\":\"fr-FR\"},{\"@type\":[\"Person\",\"Organization\"],\"@id\":\"http:\/\/zen-shiatsu-bordeaux.com\/#\/schema\/person\/330fe87b15c665ee25f03b4b15b939f0\",\"name\":\"Pierre RUELLE\",\"image\":{\"@type\":\"ImageObject\",\"inLanguage\":\"fr-FR\",\"@id\":\"http:\/\/zen-shiatsu-bordeaux.com\/#\/schema\/person\/image\/\",\"url\":\"https:\/\/zen-shiatsu-bordeaux.com\/wp-content\/uploads\/2025\/10\/LOGOZENSHIATSU.png\",\"contentUrl\":\"https:\/\/zen-shiatsu-bordeaux.com\/wp-content\/uploads\/2025\/10\/LOGOZENSHIATSU.png\",\"width\":217,\"height\":217,\"caption\":\"Pierre RUELLE\"},\"logo\":{\"@id\":\"http:\/\/zen-shiatsu-bordeaux.com\/#\/schema\/person\/image\/\"},\"sameAs\":[\"http:\/\/zen-shiatsu-bordeaux.com\"]}]}<\/script>\n<!-- \/ Yoast SEO plugin. -->","yoast_head_json":{"title":"Le praticien - Zen Shiatsu","robots":{"index":"index","follow":"follow","max-snippet":"max-snippet:-1","max-image-preview":"max-image-preview:large","max-video-preview":"max-video-preview:-1"},"canonical":"http:\/\/zen-shiatsu-bordeaux.com\/index.php\/le-praticien\/","og_locale":"fr_FR","og_type":"article","og_title":"Le praticien - Zen Shiatsu","og_description":"\u00ab N\u2019ayez pas d\u2019intention, soyez le fruit de votre volont\u00e9. \u00bb \u2014 P. Franceschi, \u00c9thique du samoura\u00ef moderne, propos 131 Le praticien Pierre E. Ruelle \u2014 Praticien certifi\u00e9 RC PRO : Medinat \u2022 Exerce : Latresne (33360) &amp; Le Haillan (33400) SIRET : 52831712600027 Code NAF : 8690F Assurance RC [&hellip;]","og_url":"http:\/\/zen-shiatsu-bordeaux.com\/index.php\/le-praticien\/","og_site_name":"Zen Shiatsu","article_modified_time":"2026-01-14T13:05:39+00:00","og_image":[{"url":"http:\/\/zen-shiatsu-bordeaux.com\/wp-content\/uploads\/2026\/01\/Capture-decran-2026-01-14-a-14.03.18.png","type":"","width":"","height":""}],"twitter_card":"summary_large_image","twitter_misc":{"Dur\u00e9e de lecture estim\u00e9e":"2 minutes"},"schema":{"@context":"https:\/\/schema.org","@graph":[{"@type":"WebPage","@id":"http:\/\/zen-shiatsu-bordeaux.com\/index.php\/le-praticien\/","url":"http:\/\/zen-shiatsu-bordeaux.com\/index.php\/le-praticien\/","name":"Le praticien - Zen Shiatsu","isPartOf":{"@id":"http:\/\/zen-shiatsu-bordeaux.com\/#website"},"primaryImageOfPage":{"@id":"http:\/\/zen-shiatsu-bordeaux.com\/index.php\/le-praticien\/#primaryimage"},"image":{"@id":"http:\/\/zen-shiatsu-bordeaux.com\/index.php\/le-praticien\/#primaryimage"},"thumbnailUrl":"http:\/\/zen-shiatsu-bordeaux.com\/wp-content\/uploads\/2026\/01\/Capture-decran-2026-01-14-a-14.03.18.png","datePublished":"2025-10-06T08:49:22+00:00","dateModified":"2026-01-14T13:05:39+00:00","breadcrumb":{"@id":"http:\/\/zen-shiatsu-bordeaux.com\/index.php\/le-praticien\/#breadcrumb"},"inLanguage":"fr-FR","potentialAction":[{"@type":"ReadAction","target":["http:\/\/zen-shiatsu-bordeaux.com\/index.php\/le-praticien\/"]}]},{"@type":"ImageObject","inLanguage":"fr-FR","@id":"http:\/\/zen-shiatsu-bordeaux.com\/index.php\/le-praticien\/#primaryimage","url":"https:\/\/zen-shiatsu-bordeaux.com\/wp-content\/uploads\/2026\/01\/Capture-decran-2026-01-14-a-14.03.18.png","contentUrl":"https:\/\/zen-shiatsu-bordeaux.com\/wp-content\/uploads\/2026\/01\/Capture-decran-2026-01-14-a-14.03.18.png","width":1022,"height":1420},{"@type":"BreadcrumbList","@id":"http:\/\/zen-shiatsu-bordeaux.com\/index.php\/le-praticien\/#breadcrumb","itemListElement":[{"@type":"ListItem","position":1,"name":"Accueil","item":"http:\/\/zen-shiatsu-bordeaux.com\/"},{"@type":"ListItem","position":2,"name":"Le praticien"}]},{"@type":"WebSite","@id":"http:\/\/zen-shiatsu-bordeaux.com\/#website","url":"http:\/\/zen-shiatsu-bordeaux.com\/","name":"Zen Shiatsu","description":"Pierre E. RUELLE","publisher":{"@id":"http:\/\/zen-shiatsu-bordeaux.com\/#\/schema\/person\/330fe87b15c665ee25f03b4b15b939f0"},"potentialAction":[{"@type":"SearchAction","target":{"@type":"EntryPoint","urlTemplate":"http:\/\/zen-shiatsu-bordeaux.com\/?s={search_term_string}"},"query-input":{"@type":"PropertyValueSpecification","valueRequired":true,"valueName":"search_term_string"}}],"inLanguage":"fr-FR"},{"@type":["Person","Organization"],"@id":"http:\/\/zen-shiatsu-bordeaux.com\/#\/schema\/person\/330fe87b15c665ee25f03b4b15b939f0","name":"Pierre RUELLE","image":{"@type":"ImageObject","inLanguage":"fr-FR","@id":"http:\/\/zen-shiatsu-bordeaux.com\/#\/schema\/person\/image\/","url":"https:\/\/zen-shiatsu-bordeaux.com\/wp-content\/uploads\/2025\/10\/LOGOZENSHIATSU.png","contentUrl":"https:\/\/zen-shiatsu-bordeaux.com\/wp-content\/uploads\/2025\/10\/LOGOZENSHIATSU.png","width":217,"height":217,"caption":"Pierre RUELLE"},"logo":{"@id":"http:\/\/zen-shiatsu-bordeaux.com\/#\/schema\/person\/image\/"},"sameAs":["http:\/\/zen-shiatsu-bordeaux.com"]}]}},"_links":{"self":[{"href":"https:\/\/zen-shiatsu-bordeaux.com\/index.php\/wp-json\/wp\/v2\/pages\/57","targetHints":{"allow":["GET"]}}],"collection":[{"href":"https:\/\/zen-shiatsu-bordeaux.com\/index.php\/wp-json\/wp\/v2\/pages"}],"about":[{"href":"https:\/\/zen-shiatsu-bordeaux.com\/index.php\/wp-json\/wp\/v2\/types\/page"}],"author":[{"embeddable":true,"href":"https:\/\/zen-shiatsu-bordeaux.com\/index.php\/wp-json\/wp\/v2\/users\/1"}],"replies":[{"embeddable":true,"href":"https:\/\/zen-shiatsu-bordeaux.com\/index.php\/wp-json\/wp\/v2\/comments?post=57"}],"version-history":[{"count":7,"href":"https:\/\/zen-shiatsu-bordeaux.com\/index.php\/wp-json\/wp\/v2\/pages\/57\/revisions"}],"predecessor-version":[{"id":168,"href":"https:\/\/zen-shiatsu-bordeaux.com\/index.php\/wp-json\/wp\/v2\/pages\/57\/revisions\/168"}],"wp:attachment":[{"href":"https:\/\/zen-shiatsu-bordeaux.com\/index.php\/wp-json\/wp\/v2\/media?parent=57"}],"curies":[{"name":"wp","href":"https:\/\/api.w.org\/{rel}","templated":true}]}}