{"id":56,"date":"2025-10-06T08:49:22","date_gmt":"2025-10-06T08:49:22","guid":{"rendered":"https:\/\/zen-shiatsu-bordeaux.com\/?page_id=56"},"modified":"2026-01-14T13:01:50","modified_gmt":"2026-01-14T13:01:50","slug":"massage-thailandais","status":"publish","type":"page","link":"https:\/\/zen-shiatsu-bordeaux.com\/index.php\/massage-thailandais\/","title":{"rendered":"Massage tha\u00eflandais"},"content":{"rendered":"<p>Pratique tout en douceur, compos\u00e9e d\u2019\u00e9tirements lents et progressifs agissant sur l\u2019ensemble du corps pour une d\u00e9tente profonde et une relaxation totale. Elle aide \u00e0 d\u00e9tendre les muscles, \u00e0 apaiser l\u2019esprit, \u00e0 am\u00e9liorer la circulation sanguine et \u00e0 retrouver l\u00e9g\u00e8ret\u00e9 et vitalit\u00e9.<\/p>\n<h2>D\u00e9roulement &amp; tenue<\/h2>\n<ul>\n<li><strong>Support<\/strong> : s\u00e9ance sur table de massage<\/li>\n<li><strong>Tenue<\/strong> : v\u00eatements souples type jogging<\/li>\n<li><strong>Particularit\u00e9<\/strong> : pas d\u2019huiles ni d\u2019onguents, s\u00e9ance effectu\u00e9e sur personne habill\u00e9e<\/li>\n<\/ul>\n<p>La m\u00e9thode est simple et peut \u00eatre compl\u00e9t\u00e9e, via le shiatsu, par un travail sur certains points pour harmoniser la circulation de l\u2019\u00e9nergie (\u00ab ki \u00bb) dans tout le corps.<\/p>\n<p><img loading=\"lazy\" decoding=\"async\" src=\"http:\/\/zen-shiatsu-bordeaux.com\/wp-content\/uploads\/2026\/01\/Capture-decran-2026-01-14-a-14.00.58-1.png\" alt=\"\" width=\"1472\" height=\"992\" class=\"aligncenter wp-image-161 size-full\" srcset=\"https:\/\/zen-shiatsu-bordeaux.com\/wp-content\/uploads\/2026\/01\/Capture-decran-2026-01-14-a-14.00.58-1.png 1472w, https:\/\/zen-shiatsu-bordeaux.com\/wp-content\/uploads\/2026\/01\/Capture-decran-2026-01-14-a-14.00.58-1-300x202.png 300w, https:\/\/zen-shiatsu-bordeaux.com\/wp-content\/uploads\/2026\/01\/Capture-decran-2026-01-14-a-14.00.58-1-1024x690.png 1024w, https:\/\/zen-shiatsu-bordeaux.com\/wp-content\/uploads\/2026\/01\/Capture-decran-2026-01-14-a-14.00.58-1-768x518.png 768w\" sizes=\"auto, (max-width: 1472px) 100vw, 1472px\" \/><\/p>\n","protected":false},"excerpt":{"rendered":"<p>Pratique tout en douceur, compos\u00e9e d\u2019\u00e9tirements lents et progressifs agissant sur l\u2019ensemble du corps pour une d\u00e9tente profonde et une relaxation totale. Elle aide \u00e0 d\u00e9tendre les muscles, \u00e0 apaiser l\u2019esprit, \u00e0 am\u00e9liorer la circulation sanguine et \u00e0 retrouver l\u00e9g\u00e8ret\u00e9 et vitalit\u00e9. D\u00e9roulement &amp; tenue Support : s\u00e9ance sur table [&hellip;]<\/p>\n","protected":false},"author":1,"featured_media":0,"parent":0,"menu_order":0,"comment_status":"closed","ping_status":"closed","template":"","meta":{"footnotes":""},"class_list":["post-56","page","type-page","status-publish","hentry"],"yoast_head":"<!-- This site is optimized with the Yoast SEO plugin v26.6 - https:\/\/yoast.com\/wordpress\/plugins\/seo\/ -->\n<title>Massage tha\u00eflandais - Zen Shiatsu<\/title>\n<meta name=\"robots\" content=\"index, follow, max-snippet:-1, max-image-preview:large, max-video-preview:-1\" \/>\n<link rel=\"canonical\" href=\"http:\/\/zen-shiatsu-bordeaux.com\/index.php\/massage-thailandais\/\" \/>\n<meta property=\"og:locale\" content=\"fr_FR\" \/>\n<meta property=\"og:type\" content=\"article\" \/>\n<meta property=\"og:title\" content=\"Massage tha\u00eflandais - Zen Shiatsu\" \/>\n<meta property=\"og:description\" content=\"Pratique tout en douceur, compos\u00e9e d\u2019\u00e9tirements lents et progressifs agissant sur l\u2019ensemble du corps pour une d\u00e9tente profonde et une relaxation totale. Elle aide \u00e0 d\u00e9tendre les muscles, \u00e0 apaiser l\u2019esprit, \u00e0 am\u00e9liorer la circulation sanguine et \u00e0 retrouver l\u00e9g\u00e8ret\u00e9 et vitalit\u00e9. D\u00e9roulement &amp; tenue Support : s\u00e9ance sur table [&hellip;]\" \/>\n<meta property=\"og:url\" content=\"http:\/\/zen-shiatsu-bordeaux.com\/index.php\/massage-thailandais\/\" \/>\n<meta property=\"og:site_name\" content=\"Zen Shiatsu\" \/>\n<meta property=\"article:modified_time\" content=\"2026-01-14T13:01:50+00:00\" \/>\n<meta property=\"og:image\" content=\"http:\/\/zen-shiatsu-bordeaux.com\/wp-content\/uploads\/2026\/01\/Capture-decran-2026-01-14-a-14.00.58-1.png\" \/>\n<meta name=\"twitter:card\" content=\"summary_large_image\" \/>\n<meta name=\"twitter:label1\" content=\"Dur\u00e9e de lecture estim\u00e9e\" \/>\n\t<meta name=\"twitter:data1\" content=\"1 minute\" \/>\n<script type=\"application\/ld+json\" class=\"yoast-schema-graph\">{\"@context\":\"https:\/\/schema.org\",\"@graph\":[{\"@type\":\"WebPage\",\"@id\":\"http:\/\/zen-shiatsu-bordeaux.com\/index.php\/massage-thailandais\/\",\"url\":\"http:\/\/zen-shiatsu-bordeaux.com\/index.php\/massage-thailandais\/\",\"name\":\"Massage tha\u00eflandais - Zen Shiatsu\",\"isPartOf\":{\"@id\":\"http:\/\/zen-shiatsu-bordeaux.com\/#website\"},\"primaryImageOfPage\":{\"@id\":\"http:\/\/zen-shiatsu-bordeaux.com\/index.php\/massage-thailandais\/#primaryimage\"},\"image\":{\"@id\":\"http:\/\/zen-shiatsu-bordeaux.com\/index.php\/massage-thailandais\/#primaryimage\"},\"thumbnailUrl\":\"http:\/\/zen-shiatsu-bordeaux.com\/wp-content\/uploads\/2026\/01\/Capture-decran-2026-01-14-a-14.00.58-1.png\",\"datePublished\":\"2025-10-06T08:49:22+00:00\",\"dateModified\":\"2026-01-14T13:01:50+00:00\",\"breadcrumb\":{\"@id\":\"http:\/\/zen-shiatsu-bordeaux.com\/index.php\/massage-thailandais\/#breadcrumb\"},\"inLanguage\":\"fr-FR\",\"potentialAction\":[{\"@type\":\"ReadAction\",\"target\":[\"http:\/\/zen-shiatsu-bordeaux.com\/index.php\/massage-thailandais\/\"]}]},{\"@type\":\"ImageObject\",\"inLanguage\":\"fr-FR\",\"@id\":\"http:\/\/zen-shiatsu-bordeaux.com\/index.php\/massage-thailandais\/#primaryimage\",\"url\":\"https:\/\/zen-shiatsu-bordeaux.com\/wp-content\/uploads\/2026\/01\/Capture-decran-2026-01-14-a-14.00.58-1.png\",\"contentUrl\":\"https:\/\/zen-shiatsu-bordeaux.com\/wp-content\/uploads\/2026\/01\/Capture-decran-2026-01-14-a-14.00.58-1.png\",\"width\":1472,\"height\":992},{\"@type\":\"BreadcrumbList\",\"@id\":\"http:\/\/zen-shiatsu-bordeaux.com\/index.php\/massage-thailandais\/#breadcrumb\",\"itemListElement\":[{\"@type\":\"ListItem\",\"position\":1,\"name\":\"Accueil\",\"item\":\"http:\/\/zen-shiatsu-bordeaux.com\/\"},{\"@type\":\"ListItem\",\"position\":2,\"name\":\"Massage tha\u00eflandais\"}]},{\"@type\":\"WebSite\",\"@id\":\"http:\/\/zen-shiatsu-bordeaux.com\/#website\",\"url\":\"http:\/\/zen-shiatsu-bordeaux.com\/\",\"name\":\"Zen Shiatsu\",\"description\":\"Pierre E. RUELLE\",\"publisher\":{\"@id\":\"http:\/\/zen-shiatsu-bordeaux.com\/#\/schema\/person\/330fe87b15c665ee25f03b4b15b939f0\"},\"potentialAction\":[{\"@type\":\"SearchAction\",\"target\":{\"@type\":\"EntryPoint\",\"urlTemplate\":\"http:\/\/zen-shiatsu-bordeaux.com\/?s={search_term_string}\"},\"query-input\":{\"@type\":\"PropertyValueSpecification\",\"valueRequired\":true,\"valueName\":\"search_term_string\"}}],\"inLanguage\":\"fr-FR\"},{\"@type\":[\"Person\",\"Organization\"],\"@id\":\"http:\/\/zen-shiatsu-bordeaux.com\/#\/schema\/person\/330fe87b15c665ee25f03b4b15b939f0\",\"name\":\"Pierre RUELLE\",\"image\":{\"@type\":\"ImageObject\",\"inLanguage\":\"fr-FR\",\"@id\":\"http:\/\/zen-shiatsu-bordeaux.com\/#\/schema\/person\/image\/\",\"url\":\"https:\/\/zen-shiatsu-bordeaux.com\/wp-content\/uploads\/2025\/10\/LOGOZENSHIATSU.png\",\"contentUrl\":\"https:\/\/zen-shiatsu-bordeaux.com\/wp-content\/uploads\/2025\/10\/LOGOZENSHIATSU.png\",\"width\":217,\"height\":217,\"caption\":\"Pierre RUELLE\"},\"logo\":{\"@id\":\"http:\/\/zen-shiatsu-bordeaux.com\/#\/schema\/person\/image\/\"},\"sameAs\":[\"http:\/\/zen-shiatsu-bordeaux.com\"]}]}<\/script>\n<!-- \/ Yoast SEO plugin. -->","yoast_head_json":{"title":"Massage tha\u00eflandais - Zen Shiatsu","robots":{"index":"index","follow":"follow","max-snippet":"max-snippet:-1","max-image-preview":"max-image-preview:large","max-video-preview":"max-video-preview:-1"},"canonical":"http:\/\/zen-shiatsu-bordeaux.com\/index.php\/massage-thailandais\/","og_locale":"fr_FR","og_type":"article","og_title":"Massage tha\u00eflandais - Zen Shiatsu","og_description":"Pratique tout en douceur, compos\u00e9e d\u2019\u00e9tirements lents et progressifs agissant sur l\u2019ensemble du corps pour une d\u00e9tente profonde et une relaxation totale. Elle aide \u00e0 d\u00e9tendre les muscles, \u00e0 apaiser l\u2019esprit, \u00e0 am\u00e9liorer la circulation sanguine et \u00e0 retrouver l\u00e9g\u00e8ret\u00e9 et vitalit\u00e9. D\u00e9roulement &amp; tenue Support : s\u00e9ance sur table [&hellip;]","og_url":"http:\/\/zen-shiatsu-bordeaux.com\/index.php\/massage-thailandais\/","og_site_name":"Zen Shiatsu","article_modified_time":"2026-01-14T13:01:50+00:00","og_image":[{"url":"http:\/\/zen-shiatsu-bordeaux.com\/wp-content\/uploads\/2026\/01\/Capture-decran-2026-01-14-a-14.00.58-1.png","type":"","width":"","height":""}],"twitter_card":"summary_large_image","twitter_misc":{"Dur\u00e9e de lecture estim\u00e9e":"1 minute"},"schema":{"@context":"https:\/\/schema.org","@graph":[{"@type":"WebPage","@id":"http:\/\/zen-shiatsu-bordeaux.com\/index.php\/massage-thailandais\/","url":"http:\/\/zen-shiatsu-bordeaux.com\/index.php\/massage-thailandais\/","name":"Massage tha\u00eflandais - Zen Shiatsu","isPartOf":{"@id":"http:\/\/zen-shiatsu-bordeaux.com\/#website"},"primaryImageOfPage":{"@id":"http:\/\/zen-shiatsu-bordeaux.com\/index.php\/massage-thailandais\/#primaryimage"},"image":{"@id":"http:\/\/zen-shiatsu-bordeaux.com\/index.php\/massage-thailandais\/#primaryimage"},"thumbnailUrl":"http:\/\/zen-shiatsu-bordeaux.com\/wp-content\/uploads\/2026\/01\/Capture-decran-2026-01-14-a-14.00.58-1.png","datePublished":"2025-10-06T08:49:22+00:00","dateModified":"2026-01-14T13:01:50+00:00","breadcrumb":{"@id":"http:\/\/zen-shiatsu-bordeaux.com\/index.php\/massage-thailandais\/#breadcrumb"},"inLanguage":"fr-FR","potentialAction":[{"@type":"ReadAction","target":["http:\/\/zen-shiatsu-bordeaux.com\/index.php\/massage-thailandais\/"]}]},{"@type":"ImageObject","inLanguage":"fr-FR","@id":"http:\/\/zen-shiatsu-bordeaux.com\/index.php\/massage-thailandais\/#primaryimage","url":"https:\/\/zen-shiatsu-bordeaux.com\/wp-content\/uploads\/2026\/01\/Capture-decran-2026-01-14-a-14.00.58-1.png","contentUrl":"https:\/\/zen-shiatsu-bordeaux.com\/wp-content\/uploads\/2026\/01\/Capture-decran-2026-01-14-a-14.00.58-1.png","width":1472,"height":992},{"@type":"BreadcrumbList","@id":"http:\/\/zen-shiatsu-bordeaux.com\/index.php\/massage-thailandais\/#breadcrumb","itemListElement":[{"@type":"ListItem","position":1,"name":"Accueil","item":"http:\/\/zen-shiatsu-bordeaux.com\/"},{"@type":"ListItem","position":2,"name":"Massage tha\u00eflandais"}]},{"@type":"WebSite","@id":"http:\/\/zen-shiatsu-bordeaux.com\/#website","url":"http:\/\/zen-shiatsu-bordeaux.com\/","name":"Zen Shiatsu","description":"Pierre E. RUELLE","publisher":{"@id":"http:\/\/zen-shiatsu-bordeaux.com\/#\/schema\/person\/330fe87b15c665ee25f03b4b15b939f0"},"potentialAction":[{"@type":"SearchAction","target":{"@type":"EntryPoint","urlTemplate":"http:\/\/zen-shiatsu-bordeaux.com\/?s={search_term_string}"},"query-input":{"@type":"PropertyValueSpecification","valueRequired":true,"valueName":"search_term_string"}}],"inLanguage":"fr-FR"},{"@type":["Person","Organization"],"@id":"http:\/\/zen-shiatsu-bordeaux.com\/#\/schema\/person\/330fe87b15c665ee25f03b4b15b939f0","name":"Pierre RUELLE","image":{"@type":"ImageObject","inLanguage":"fr-FR","@id":"http:\/\/zen-shiatsu-bordeaux.com\/#\/schema\/person\/image\/","url":"https:\/\/zen-shiatsu-bordeaux.com\/wp-content\/uploads\/2025\/10\/LOGOZENSHIATSU.png","contentUrl":"https:\/\/zen-shiatsu-bordeaux.com\/wp-content\/uploads\/2025\/10\/LOGOZENSHIATSU.png","width":217,"height":217,"caption":"Pierre RUELLE"},"logo":{"@id":"http:\/\/zen-shiatsu-bordeaux.com\/#\/schema\/person\/image\/"},"sameAs":["http:\/\/zen-shiatsu-bordeaux.com"]}]}},"_links":{"self":[{"href":"https:\/\/zen-shiatsu-bordeaux.com\/index.php\/wp-json\/wp\/v2\/pages\/56","targetHints":{"allow":["GET"]}}],"collection":[{"href":"https:\/\/zen-shiatsu-bordeaux.com\/index.php\/wp-json\/wp\/v2\/pages"}],"about":[{"href":"https:\/\/zen-shiatsu-bordeaux.com\/index.php\/wp-json\/wp\/v2\/types\/page"}],"author":[{"embeddable":true,"href":"https:\/\/zen-shiatsu-bordeaux.com\/index.php\/wp-json\/wp\/v2\/users\/1"}],"replies":[{"embeddable":true,"href":"https:\/\/zen-shiatsu-bordeaux.com\/index.php\/wp-json\/wp\/v2\/comments?post=56"}],"version-history":[{"count":4,"href":"https:\/\/zen-shiatsu-bordeaux.com\/index.php\/wp-json\/wp\/v2\/pages\/56\/revisions"}],"predecessor-version":[{"id":162,"href":"https:\/\/zen-shiatsu-bordeaux.com\/index.php\/wp-json\/wp\/v2\/pages\/56\/revisions\/162"}],"wp:attachment":[{"href":"https:\/\/zen-shiatsu-bordeaux.com\/index.php\/wp-json\/wp\/v2\/media?parent=56"}],"curies":[{"name":"wp","href":"https:\/\/api.w.org\/{rel}","templated":true}]}}