{"id":3,"date":"2025-09-23T13:16:27","date_gmt":"2025-09-23T13:16:27","guid":{"rendered":"http:\/\/zen-shiatsu-bordeaux.com\/?page_id=3"},"modified":"2025-11-27T07:59:35","modified_gmt":"2025-11-27T07:59:35","slug":"privacy-policy","status":"publish","type":"page","link":"https:\/\/zen-shiatsu-bordeaux.com\/index.php\/privacy-policy\/","title":{"rendered":"Mentions l\u00e9gales &#038; Confidentialit\u00e9"},"content":{"rendered":"<h2>\u00c9diteur<\/h2>\n<p><strong>PIERRE E. RUELLE EI<\/strong><br \/>\n<span style=\"font-size: medium;\"><span>Siret :\u00a0<\/span><span>52831712600027 Code Naf 8690F<\/span><\/span><\/p>\n<p><span style=\"font-size: medium;\">Assurance RC PRO : Medinat. Contrat n\u00b0 HXFRME000011916<\/span><\/p>\n<div>\n<div dir=\"ltr\" data-setdir=\"false\"><span style=\"font-size: medium;\">Contrat M\u00e9diateur CNPM56070.<\/span><\/div>\n<div dir=\"ltr\" data-setdir=\"false\"><\/div>\n<\/div>\n<div dir=\"ltr\" data-setdir=\"false\"><span>\u00ab<\/span><span style=\"font-size: medium;\"><span> Conform\u00e9ment aux articles L.616-1 et R.616-1 du code de la consommation, nous proposons un dispositif de m\u00e9diation de la consommation. L&rsquo;entit\u00e9 de m\u00e9diation retenue est : CNPM &#8211; MEDIATION DE LA CONSOMMATION. En cas de litige, vous pouvez d\u00e9poser votre r\u00e9clamation sur son site : <a href=\"https:\/\/cnpm-mediation-consommation.eu\/\">https:\/\/cnpm-mediation-consommation.eu<\/a> ou par voie postale en \u00e9crivant \u00e0 CNPM &#8211; MEDIATION &#8211; CONSOMMATION &#8211;\u00a0<\/span><span>Centre d\u2019Affaires St\u00e9phanois\u00a0<\/span><span>Immeuble l\u2019Horizon \u2013 Esplanade de France &#8211;\u00a03 rue J. Constant Milleret &#8211;\u00a042000 SAINT-ETIENNE\u00a0<\/span><span>\u00bb<\/span><\/span><\/div>\n<div dir=\"ltr\" data-setdir=\"false\"><\/div>\n<div dir=\"ltr\" data-setdir=\"false\">T\u00e9l. : 06 11 05 66 84<br \/>\nEmail : <a href=\"mailto:ruellepe@yahoo.com\">ruellepe@yahoo.com<\/a><\/div>\n<h2>H\u00e9bergeur<\/h2>\n<p>Le site est h\u00e9berg\u00e9 par OVH.<\/p>\n<h2>D\u00e9l\u00e9gu\u00e9 \u00e0 la protection des donn\u00e9es (DPO)<\/h2>\n<p><strong>Pierre E. Ruelle EI<\/strong> est \u00e0 votre disposition pour toute question relative \u00e0 la protection des donn\u00e9es personnelles.<\/p>\n<h2>Acc\u00e8s et gestion du site<\/h2>\n<p>Acc\u00e8s r\u00e9serv\u00e9 \u00e0 un usage strictement personnel. L\u2019\u00e9diteur peut suspendre, interrompre ou limiter l\u2019acc\u00e8s au site et supprimer toute information pouvant en perturber le fonctionnement.<\/p>\n<h2>Propri\u00e9t\u00e9 intellectuelle<\/h2>\n<p>Toutes les marques, textes, commentaires, illustrations, images et s\u00e9quences vid\u00e9o ou sonores, ainsi que les applications \u00e9ventuelles, sont prot\u00e9g\u00e9s par le droit de la propri\u00e9t\u00e9 intellectuelle. Toute reproduction ou adaptation sans accord pr\u00e9alable \u00e9crit est interdite.<\/p>\n<h2>Responsabilit\u00e9s<\/h2>\n<p>L\u2019\u00e9diteur ne peut \u00eatre tenu responsable en cas de d\u00e9faillance technique. L\u2019utilisateur est responsable du mat\u00e9riel de connexion et des donn\u00e9es consult\u00e9es. En cas de proc\u00e9dure li\u00e9e \u00e0 l\u2019usage du site, l\u2019\u00e9diteur pourra se retourner contre l\u2019utilisateur pour indemnisation.<\/p>\n<h2>Liens hypertextes<\/h2>\n<p>La mise en place de liens vers tout ou partie du site est autoris\u00e9e et pourra \u00eatre retir\u00e9e sur simple demande. Le contenu des sites tiers n\u2019engage pas l\u2019\u00e9diteur.<\/p>\n<h2>Donn\u00e9es personnelles<\/h2>\n<p>Les donn\u00e9es collect\u00e9es et destin\u00e9es \u00e0\/collect\u00e9es par <strong>Pierre E. Ruelle EI<\/strong> concernent notamment nom, pr\u00e9nom, t\u00e9l\u00e9phone, adresse email. Finalit\u00e9s : prise de rendez-vous, rappels, communication n\u00e9cessaire au bon d\u00e9roulement des prestations.<\/p>\n<h3>Exactitude, s\u00e9curit\u00e9, conservation<\/h3>\n<ul>\n<li>Donn\u00e9es tenues \u00e0 jour, rectifi\u00e9es\/supprim\u00e9es si inexactes.<\/li>\n<li>Conservation : <strong>5 ans<\/strong> maximum.<\/li>\n<li>Stockage : sur ordinateur, sans nom\/t\u00e9l\u00e9phone\/email associ\u00e9s aux fiches ; seul le <strong>pr\u00e9nom<\/strong> appara\u00eet.<\/li>\n<li>Aucune donn\u00e9e partag\u00e9e avec des tiers.<\/li>\n<\/ul>\n<h2>Cookies<\/h2>\n<p>Des cookies peuvent \u00eatre enregistr\u00e9s lors de la navigation. Le consentement est valable 13 mois. Plus d\u2019informations et gestion : <a href=\"https:\/\/www.cnil.fr\/fr\/cookies-les-outils-pour-les-maitriser\" target=\"_blank\" rel=\"noopener\">CNIL<\/a>.<\/p>\n<h2>Loi applicable<\/h2>\n<p>Droit fran\u00e7ais. Comp\u00e9tence des tribunaux du si\u00e8ge social de l\u2019\u00e9diteur, sous r\u00e9serve des dispositions sp\u00e9cifiques.<\/p>\n<h2>Contact<\/h2>\n<p>Pour toute question : <a href=\"mailto:ruellepe@yahoo.com\">ruellepe@yahoo.com<\/a><\/p>\n","protected":false},"excerpt":{"rendered":"<p>\u00c9diteur PIERRE E. RUELLE EI Siret :\u00a052831712600027 Code Naf 8690F Assurance RC PRO : Medinat. Contrat n\u00b0 HXFRME000011916 Contrat M\u00e9diateur CNPM56070. \u00ab Conform\u00e9ment aux articles L.616-1 et R.616-1 du code de la consommation, nous proposons un dispositif de m\u00e9diation de la consommation. L&rsquo;entit\u00e9 de m\u00e9diation retenue est : CNPM &#8211; [&hellip;]<\/p>\n","protected":false},"author":1,"featured_media":0,"parent":0,"menu_order":0,"comment_status":"closed","ping_status":"open","template":"","meta":{"footnotes":""},"class_list":["post-3","page","type-page","status-publish","hentry"],"yoast_head":"<!-- This site is optimized with the Yoast SEO plugin v26.6 - https:\/\/yoast.com\/wordpress\/plugins\/seo\/ -->\n<title>Mentions l\u00e9gales &amp; Confidentialit\u00e9 - Zen Shiatsu<\/title>\n<meta name=\"robots\" content=\"index, follow, max-snippet:-1, max-image-preview:large, max-video-preview:-1\" \/>\n<link rel=\"canonical\" href=\"https:\/\/zen-shiatsu-bordeaux.com\/index.php\/privacy-policy\/\" \/>\n<meta property=\"og:locale\" content=\"fr_FR\" \/>\n<meta property=\"og:type\" content=\"article\" \/>\n<meta property=\"og:title\" content=\"Mentions l\u00e9gales &amp; Confidentialit\u00e9 - Zen Shiatsu\" \/>\n<meta property=\"og:description\" content=\"\u00c9diteur PIERRE E. RUELLE EI Siret :\u00a052831712600027 Code Naf 8690F Assurance RC PRO : Medinat. Contrat n\u00b0 HXFRME000011916 Contrat M\u00e9diateur CNPM56070. \u00ab Conform\u00e9ment aux articles L.616-1 et R.616-1 du code de la consommation, nous proposons un dispositif de m\u00e9diation de la consommation. L&rsquo;entit\u00e9 de m\u00e9diation retenue est : CNPM &#8211; [&hellip;]\" \/>\n<meta property=\"og:url\" content=\"https:\/\/zen-shiatsu-bordeaux.com\/index.php\/privacy-policy\/\" \/>\n<meta property=\"og:site_name\" content=\"Zen Shiatsu\" \/>\n<meta property=\"article:modified_time\" content=\"2025-11-27T07:59:35+00:00\" \/>\n<meta name=\"twitter:card\" content=\"summary_large_image\" \/>\n<meta name=\"twitter:label1\" content=\"Dur\u00e9e de lecture estim\u00e9e\" \/>\n\t<meta name=\"twitter:data1\" content=\"2 minutes\" \/>\n<script type=\"application\/ld+json\" class=\"yoast-schema-graph\">{\"@context\":\"https:\/\/schema.org\",\"@graph\":[{\"@type\":\"WebPage\",\"@id\":\"https:\/\/zen-shiatsu-bordeaux.com\/index.php\/privacy-policy\/\",\"url\":\"https:\/\/zen-shiatsu-bordeaux.com\/index.php\/privacy-policy\/\",\"name\":\"Mentions l\u00e9gales & Confidentialit\u00e9 - Zen Shiatsu\",\"isPartOf\":{\"@id\":\"http:\/\/zen-shiatsu-bordeaux.com\/#website\"},\"datePublished\":\"2025-09-23T13:16:27+00:00\",\"dateModified\":\"2025-11-27T07:59:35+00:00\",\"breadcrumb\":{\"@id\":\"https:\/\/zen-shiatsu-bordeaux.com\/index.php\/privacy-policy\/#breadcrumb\"},\"inLanguage\":\"fr-FR\",\"potentialAction\":[{\"@type\":\"ReadAction\",\"target\":[\"https:\/\/zen-shiatsu-bordeaux.com\/index.php\/privacy-policy\/\"]}]},{\"@type\":\"BreadcrumbList\",\"@id\":\"https:\/\/zen-shiatsu-bordeaux.com\/index.php\/privacy-policy\/#breadcrumb\",\"itemListElement\":[{\"@type\":\"ListItem\",\"position\":1,\"name\":\"Accueil\",\"item\":\"http:\/\/zen-shiatsu-bordeaux.com\/\"},{\"@type\":\"ListItem\",\"position\":2,\"name\":\"Mentions l\u00e9gales &#038; Confidentialit\u00e9\"}]},{\"@type\":\"WebSite\",\"@id\":\"http:\/\/zen-shiatsu-bordeaux.com\/#website\",\"url\":\"http:\/\/zen-shiatsu-bordeaux.com\/\",\"name\":\"Zen Shiatsu\",\"description\":\"Pierre E. RUELLE\",\"publisher\":{\"@id\":\"http:\/\/zen-shiatsu-bordeaux.com\/#\/schema\/person\/330fe87b15c665ee25f03b4b15b939f0\"},\"potentialAction\":[{\"@type\":\"SearchAction\",\"target\":{\"@type\":\"EntryPoint\",\"urlTemplate\":\"http:\/\/zen-shiatsu-bordeaux.com\/?s={search_term_string}\"},\"query-input\":{\"@type\":\"PropertyValueSpecification\",\"valueRequired\":true,\"valueName\":\"search_term_string\"}}],\"inLanguage\":\"fr-FR\"},{\"@type\":[\"Person\",\"Organization\"],\"@id\":\"http:\/\/zen-shiatsu-bordeaux.com\/#\/schema\/person\/330fe87b15c665ee25f03b4b15b939f0\",\"name\":\"Pierre RUELLE\",\"image\":{\"@type\":\"ImageObject\",\"inLanguage\":\"fr-FR\",\"@id\":\"http:\/\/zen-shiatsu-bordeaux.com\/#\/schema\/person\/image\/\",\"url\":\"https:\/\/zen-shiatsu-bordeaux.com\/wp-content\/uploads\/2025\/10\/LOGOZENSHIATSU.png\",\"contentUrl\":\"https:\/\/zen-shiatsu-bordeaux.com\/wp-content\/uploads\/2025\/10\/LOGOZENSHIATSU.png\",\"width\":217,\"height\":217,\"caption\":\"Pierre RUELLE\"},\"logo\":{\"@id\":\"http:\/\/zen-shiatsu-bordeaux.com\/#\/schema\/person\/image\/\"},\"sameAs\":[\"http:\/\/zen-shiatsu-bordeaux.com\"]}]}<\/script>\n<!-- \/ Yoast SEO plugin. -->","yoast_head_json":{"title":"Mentions l\u00e9gales & Confidentialit\u00e9 - Zen Shiatsu","robots":{"index":"index","follow":"follow","max-snippet":"max-snippet:-1","max-image-preview":"max-image-preview:large","max-video-preview":"max-video-preview:-1"},"canonical":"https:\/\/zen-shiatsu-bordeaux.com\/index.php\/privacy-policy\/","og_locale":"fr_FR","og_type":"article","og_title":"Mentions l\u00e9gales & Confidentialit\u00e9 - Zen Shiatsu","og_description":"\u00c9diteur PIERRE E. RUELLE EI Siret :\u00a052831712600027 Code Naf 8690F Assurance RC PRO : Medinat. Contrat n\u00b0 HXFRME000011916 Contrat M\u00e9diateur CNPM56070. \u00ab Conform\u00e9ment aux articles L.616-1 et R.616-1 du code de la consommation, nous proposons un dispositif de m\u00e9diation de la consommation. L&rsquo;entit\u00e9 de m\u00e9diation retenue est : CNPM &#8211; [&hellip;]","og_url":"https:\/\/zen-shiatsu-bordeaux.com\/index.php\/privacy-policy\/","og_site_name":"Zen Shiatsu","article_modified_time":"2025-11-27T07:59:35+00:00","twitter_card":"summary_large_image","twitter_misc":{"Dur\u00e9e de lecture estim\u00e9e":"2 minutes"},"schema":{"@context":"https:\/\/schema.org","@graph":[{"@type":"WebPage","@id":"https:\/\/zen-shiatsu-bordeaux.com\/index.php\/privacy-policy\/","url":"https:\/\/zen-shiatsu-bordeaux.com\/index.php\/privacy-policy\/","name":"Mentions l\u00e9gales & Confidentialit\u00e9 - Zen Shiatsu","isPartOf":{"@id":"http:\/\/zen-shiatsu-bordeaux.com\/#website"},"datePublished":"2025-09-23T13:16:27+00:00","dateModified":"2025-11-27T07:59:35+00:00","breadcrumb":{"@id":"https:\/\/zen-shiatsu-bordeaux.com\/index.php\/privacy-policy\/#breadcrumb"},"inLanguage":"fr-FR","potentialAction":[{"@type":"ReadAction","target":["https:\/\/zen-shiatsu-bordeaux.com\/index.php\/privacy-policy\/"]}]},{"@type":"BreadcrumbList","@id":"https:\/\/zen-shiatsu-bordeaux.com\/index.php\/privacy-policy\/#breadcrumb","itemListElement":[{"@type":"ListItem","position":1,"name":"Accueil","item":"http:\/\/zen-shiatsu-bordeaux.com\/"},{"@type":"ListItem","position":2,"name":"Mentions l\u00e9gales &#038; Confidentialit\u00e9"}]},{"@type":"WebSite","@id":"http:\/\/zen-shiatsu-bordeaux.com\/#website","url":"http:\/\/zen-shiatsu-bordeaux.com\/","name":"Zen Shiatsu","description":"Pierre E. RUELLE","publisher":{"@id":"http:\/\/zen-shiatsu-bordeaux.com\/#\/schema\/person\/330fe87b15c665ee25f03b4b15b939f0"},"potentialAction":[{"@type":"SearchAction","target":{"@type":"EntryPoint","urlTemplate":"http:\/\/zen-shiatsu-bordeaux.com\/?s={search_term_string}"},"query-input":{"@type":"PropertyValueSpecification","valueRequired":true,"valueName":"search_term_string"}}],"inLanguage":"fr-FR"},{"@type":["Person","Organization"],"@id":"http:\/\/zen-shiatsu-bordeaux.com\/#\/schema\/person\/330fe87b15c665ee25f03b4b15b939f0","name":"Pierre RUELLE","image":{"@type":"ImageObject","inLanguage":"fr-FR","@id":"http:\/\/zen-shiatsu-bordeaux.com\/#\/schema\/person\/image\/","url":"https:\/\/zen-shiatsu-bordeaux.com\/wp-content\/uploads\/2025\/10\/LOGOZENSHIATSU.png","contentUrl":"https:\/\/zen-shiatsu-bordeaux.com\/wp-content\/uploads\/2025\/10\/LOGOZENSHIATSU.png","width":217,"height":217,"caption":"Pierre RUELLE"},"logo":{"@id":"http:\/\/zen-shiatsu-bordeaux.com\/#\/schema\/person\/image\/"},"sameAs":["http:\/\/zen-shiatsu-bordeaux.com"]}]}},"_links":{"self":[{"href":"https:\/\/zen-shiatsu-bordeaux.com\/index.php\/wp-json\/wp\/v2\/pages\/3","targetHints":{"allow":["GET"]}}],"collection":[{"href":"https:\/\/zen-shiatsu-bordeaux.com\/index.php\/wp-json\/wp\/v2\/pages"}],"about":[{"href":"https:\/\/zen-shiatsu-bordeaux.com\/index.php\/wp-json\/wp\/v2\/types\/page"}],"author":[{"embeddable":true,"href":"https:\/\/zen-shiatsu-bordeaux.com\/index.php\/wp-json\/wp\/v2\/users\/1"}],"replies":[{"embeddable":true,"href":"https:\/\/zen-shiatsu-bordeaux.com\/index.php\/wp-json\/wp\/v2\/comments?post=3"}],"version-history":[{"count":3,"href":"https:\/\/zen-shiatsu-bordeaux.com\/index.php\/wp-json\/wp\/v2\/pages\/3\/revisions"}],"predecessor-version":[{"id":143,"href":"https:\/\/zen-shiatsu-bordeaux.com\/index.php\/wp-json\/wp\/v2\/pages\/3\/revisions\/143"}],"wp:attachment":[{"href":"https:\/\/zen-shiatsu-bordeaux.com\/index.php\/wp-json\/wp\/v2\/media?parent=3"}],"curies":[{"name":"wp","href":"https:\/\/api.w.org\/{rel}","templated":true}]}}